{"id":139015,"date":"2026-03-12T14:40:54","date_gmt":"2026-03-12T13:40:54","guid":{"rendered":"https:\/\/www.slicy-products.com\/product\/protection-de-cadre-sur-mesure-pour-seka-slicy-integral\/"},"modified":"2026-05-12T15:02:50","modified_gmt":"2026-05-12T13:02:50","slug":"protection-de-cadre-sur-mesure-pour-seka-slicy-integral","status":"publish","type":"product","link":"https:\/\/www.slicy-products.com\/en\/product\/protection-de-cadre-sur-mesure-pour-seka-slicy-integral\/","title":{"rendered":"Protection de cadre sur mesure pour SEKA &#8211; Slicy Integral"},"content":{"rendered":"<p><span style=\"color: #000000;\">V\u00e9ritable seconde peau pour votre v\u00e9lo, notre <strong><strong>protection de cadre sur mesure pour SEKA &#8211; Sublimistick Integral<\/strong><\/strong> assurera long\u00e9vit\u00e9 et \u00e9clat \u00e0 votre v\u00e9lo..<\/span><\/p>\n<p><span style=\"color: #000000;\">Nos protections de cadre INTEGRAL sont \u00e0 d\u00e9sormais disponibles pour v\u00e9los de la marque allemande <a href=\"https:\/\/www.sekabikes.com\/en\/\" target=\"_blank\" rel=\"noopener\">SEKA<\/a> ! Ne tardez pas \u00e0 prot\u00e9ger votre SEKA pour qu&#8217;il soit prot\u00e9g\u00e9 pour vos sorties les plus extr\u00e8mes !<\/span><\/p>\n<p><span style=\"color: #000000;\">Nous fabriquons des kits personnalis\u00e9s qui s&#8217;adaptent parfaitement \u00e0 votre v\u00e9lo, au millim\u00e8tre pr\u00e8s. Tous les patchs couvrent jusqu&#8217;\u00e0 90 % de la surface du cadre. Nos kits sont sp\u00e9cialement con\u00e7us contre les impacts de pierres et autres \u00e9l\u00e9ments pouvant abimer votre cadre. Nos patchs sont \u00e0 une distance de 3 \u00e0 5mm les uns des autres.<\/span><\/p>\n<p><span style=\"color: #000000;\">Les atouts du kit <strong><strong>Integral<\/strong> :<\/strong><\/span><\/p>\n<ul>\n<li><span style=\"color: #000000;\">prot\u00e8ge des rayures li\u00e9es \u00e0 la pratique (projections, navettes, porte-v\u00e9lo, t\u00e9l\u00e9si\u00e8ge etc&#8230;).<\/span><\/li>\n<li><span style=\"color: #000000;\">prot\u00e8ge des petits impacts de pierre.<\/span><\/li>\n<li><span style=\"color: #000000;\">garde une esth\u00e9tique parfaite du cadre toute l&#8217;ann\u00e9e.<\/span><\/li>\n<li><span style=\"color: #000000;\">un v\u00e9lo sans rayure se revend mieux.<\/span><\/li>\n<\/ul>\n<p><span style=\"color: #000000;\">Le kit <strong><strong>Integral<\/strong> <\/strong>est compos\u00e9 de :<\/span><\/p>\n<ul>\n<li><span style=\"color: #000000;\">une notice &amp; des conseils de pose.<\/span><\/li>\n<li><span style=\"color: #000000;\">0.5ml de solution Slicy Shampoo pour faciliter la pose.<\/span><\/li>\n<li><span style=\"color: #000000;\">une lingette d\u00e9graissante pour nettoyer son cadre avant la pose.<\/span><\/li>\n<\/ul>\n<p><span style=\"color: #000000;\">En option, nous vous proposons notre kit de pose <strong><strong>PRO<\/strong><\/strong> compos\u00e9 de :<\/span><\/p>\n<ul>\n<li><span style=\"color: #000000;\">une bouteille spray Slicy<\/span><\/li>\n<li><span style=\"color: #000000;\">une microfibre Slicy<\/span><\/li>\n<li><span style=\"color: #000000;\">une raclette haut de gamme PPF<\/span><\/li>\n<li><span style=\"color: #000000;\">du Slicy shampoo<\/span><\/li>\n<li><span style=\"color: #000000;\">une pipette de dosage<\/span><\/li>\n<li><span style=\"color: #000000;\">une lingette d\u00e9graissante<\/span><\/li>\n<\/ul>\n<p><span style=\"color: #000000;\">Ce kit est durable et con\u00e7u pour vous servir longtemps. Il est adapt\u00e9s pour une application optimale des films de protection.<\/span><\/p>\n<p>&nbsp;<\/p>\n<p><span style=\"color: #000000;\"><strong><strong>Caract\u00e9ristiques<\/strong><\/strong> de notre Film de protection Slicy :<\/span><\/p>\n<ul>\n<li><span style=\"color: #000000;\">film polyur\u00e9thane haut de gamme.<\/span><\/li>\n<li><span style=\"color: #000000;\">\u00e9paisseur : 160 microns.<\/span><\/li>\n<li><span style=\"color: #000000;\">traitement Anti-uv.<\/span><\/li>\n<li><span style=\"color: #000000;\">ne jauni pas.<\/span><\/li>\n<li><span style=\"color: #000000;\">propri\u00e9t\u00e9s auto-cicatrisantes.<\/span><\/li>\n<li><span style=\"color: #000000;\">antiadh\u00e9rente (la boue colle moins facilement).<\/span><\/li>\n<\/ul>\n<p><span style=\"color: #000000;\"><strong><strong>ATTENTION<\/strong><\/strong> : certains cadres avec une peinture comprenant des asp\u00e9rit\u00e9s ou du type granuleux (anodis\u00e9) ne pourront pas \u00eatre prot\u00e9g\u00e9s avec un rendu optimal, sans traces! Le rendu sera id\u00e9al sur des cadres \u00e0 peinture lisse, brillante ou mat.<\/span><\/p>\n","protected":false},"excerpt":{"rendered":"<h5><span style=\"color: #800000;\"><strong>10% discount on the Sublimistick Integral Frame + <a style=\"color: #800000; text-decoration: underline;\" href=\"https:\/\/www.slicy-products.com\/en\/product\/sublimistick-integral-fork\/\">Fork<\/a> pack!<\/strong><\/span><\/h5>\n","protected":false},"featured_media":140420,"template":"","meta":{"_acf_changed":false,"_seopress_robots_primary_cat":"none","_seopress_titles_title":"Protection de cadre sur mesure pour SEKA","_seopress_titles_desc":"Kit de protection de cadre pour SEKA. Notre Sublimistick Int\u00e9gral est 100% sur-mesure et adapt\u00e9 aux formes de votre v\u00e9lo SEKA.","_seopress_robots_index":"","_seopress_analysis_target_kw":"protection de cade pour SARACEN,protection de cadre integral SARACEN,kit de protection pour velo SARACEN"},"product_brand":[],"product_cat":[133],"product_tag":[],"class_list":{"0":"post-139015","1":"product","2":"type-product","3":"status-publish","4":"has-post-thumbnail","6":"product_cat-integral-bike-frame-protection","7":"product_shipping_class-box","9":"first","10":"instock","11":"sale","12":"taxable","13":"shipping-taxable","14":"purchasable","15":"product-type-variable"},"acf":[],"_links":{"self":[{"href":"https:\/\/www.slicy-products.com\/en\/wp-json\/wp\/v2\/product\/139015","targetHints":{"allow":["GET"]}}],"collection":[{"href":"https:\/\/www.slicy-products.com\/en\/wp-json\/wp\/v2\/product"}],"about":[{"href":"https:\/\/www.slicy-products.com\/en\/wp-json\/wp\/v2\/types\/product"}],"wp:featuredmedia":[{"embeddable":true,"href":"https:\/\/www.slicy-products.com\/en\/wp-json\/wp\/v2\/media\/140420"}],"wp:attachment":[{"href":"https:\/\/www.slicy-products.com\/en\/wp-json\/wp\/v2\/media?parent=139015"}],"wp:term":[{"taxonomy":"product_brand","embeddable":true,"href":"https:\/\/www.slicy-products.com\/en\/wp-json\/wp\/v2\/product_brand?post=139015"},{"taxonomy":"product_cat","embeddable":true,"href":"https:\/\/www.slicy-products.com\/en\/wp-json\/wp\/v2\/product_cat?post=139015"},{"taxonomy":"product_tag","embeddable":true,"href":"https:\/\/www.slicy-products.com\/en\/wp-json\/wp\/v2\/product_tag?post=139015"}],"curies":[{"name":"wp","href":"https:\/\/api.w.org\/{rel}","templated":true}]}}